{"id":137164,"date":"2025-04-17T12:55:34","date_gmt":"2025-04-17T10:55:34","guid":{"rendered":"https:\/\/shop.businesscom.ch\/produkt\/bunny-enjoynature-melange-de-lupins-sucres-pour-lapins-nains-et-rongeurs-4000356\/"},"modified":"2026-04-01T07:39:47","modified_gmt":"2026-04-01T05:39:47","slug":"bunny-enjoynature-melange-de-lupins-sucres-complement-alimentaire-pour-lapins-nains-et-rongeurs-4000356","status":"publish","type":"product","link":"https:\/\/shop.businesscom.ch\/fr\/produkt\/bunny-enjoynature-melange-de-lupins-sucres-complement-alimentaire-pour-lapins-nains-et-rongeurs-4000356\/","title":{"rendered":"bunny EnjoyNature m&eacute;lange de lupins sucr&eacute;s compl&eacute;ment alimentaire pour lapins nains et rongeurs"},"content":{"rendered":"","protected":false},"excerpt":{"rendered":"","protected":false},"featured_media":137040,"template":"","meta":[],"product_cat":[2918,3090,19553],"product_tag":[],"acf":[],"yoast_head":"<!-- This site is optimized with the Yoast SEO plugin v21.9.1 - https:\/\/yoast.com\/wordpress\/plugins\/seo\/ -->\n<title>bunny EnjoyNature m\u00e9lange de lupins sucr\u00e9s compl\u00e9ment alimentaire pour lapins nains et rongeurs - BUSINESSCOM<\/title>\n<meta name=\"robots\" content=\"index, follow, max-snippet:-1, max-image-preview:large, max-video-preview:-1\" \/>\n<link rel=\"canonical\" href=\"https:\/\/shop.businesscom.ch\/fr\/produkt\/bunny-enjoynature-melange-de-lupins-sucres-complement-alimentaire-pour-lapins-nains-et-rongeurs-4000356\/\" \/>\n<meta property=\"og:locale\" content=\"fr_FR\" \/>\n<meta property=\"og:type\" content=\"article\" \/>\n<meta property=\"og:title\" content=\"bunny EnjoyNature m\u00e9lange de lupins sucr\u00e9s compl\u00e9ment alimentaire pour lapins nains et rongeurs - BUSINESSCOM\" \/>\n<meta property=\"og:url\" content=\"https:\/\/shop.businesscom.ch\/fr\/produkt\/bunny-enjoynature-melange-de-lupins-sucres-complement-alimentaire-pour-lapins-nains-et-rongeurs-4000356\/\" \/>\n<meta property=\"og:site_name\" content=\"BUSINESSCOM\" \/>\n<meta property=\"article:modified_time\" content=\"2026-04-01T05:39:47+00:00\" \/>\n<meta property=\"og:image\" content=\"https:\/\/shop.businesscom.ch\/content\/uploads\/imported\/fd93919dcdfa7c13177af7892a7b6ed873e444fd-4018761155378.jpg\" \/>\n\t<meta property=\"og:image:width\" content=\"1200\" \/>\n\t<meta property=\"og:image:height\" content=\"1200\" \/>\n\t<meta property=\"og:image:type\" content=\"image\/jpeg\" \/>\n<meta name=\"twitter:card\" content=\"summary_large_image\" \/>\n<script type=\"application\/ld+json\" class=\"yoast-schema-graph\">{\"@context\":\"https:\/\/schema.org\",\"@graph\":[{\"@type\":\"WebPage\",\"@id\":\"https:\/\/shop.businesscom.ch\/fr\/produkt\/bunny-enjoynature-melange-de-lupins-sucres-complement-alimentaire-pour-lapins-nains-et-rongeurs-4000356\/\",\"url\":\"https:\/\/shop.businesscom.ch\/fr\/produkt\/bunny-enjoynature-melange-de-lupins-sucres-complement-alimentaire-pour-lapins-nains-et-rongeurs-4000356\/\",\"name\":\"bunny EnjoyNature m\u00e9lange de lupins sucr\u00e9s compl\u00e9ment alimentaire pour lapins nains et rongeurs - BUSINESSCOM\",\"isPartOf\":{\"@id\":\"https:\/\/shop.businesscom.ch\/fr\/#website\"},\"datePublished\":\"2025-04-17T10:55:34+00:00\",\"dateModified\":\"2026-04-01T05:39:47+00:00\",\"breadcrumb\":{\"@id\":\"https:\/\/shop.businesscom.ch\/fr\/produkt\/bunny-enjoynature-melange-de-lupins-sucres-complement-alimentaire-pour-lapins-nains-et-rongeurs-4000356\/#breadcrumb\"},\"inLanguage\":\"fr-FR\",\"potentialAction\":[{\"@type\":\"ReadAction\",\"target\":[\"https:\/\/shop.businesscom.ch\/fr\/produkt\/bunny-enjoynature-melange-de-lupins-sucres-complement-alimentaire-pour-lapins-nains-et-rongeurs-4000356\/\"]}]},{\"@type\":\"BreadcrumbList\",\"@id\":\"https:\/\/shop.businesscom.ch\/fr\/produkt\/bunny-enjoynature-melange-de-lupins-sucres-complement-alimentaire-pour-lapins-nains-et-rongeurs-4000356\/#breadcrumb\",\"itemListElement\":[{\"@type\":\"ListItem\",\"position\":1,\"name\":\"Home\",\"item\":\"https:\/\/shop.businesscom.ch\/fr\/\"},{\"@type\":\"ListItem\",\"position\":2,\"name\":\"Assortiment complet\",\"item\":\"https:\/\/shop.businesscom.ch\/fr\/assortiment-complet\/\"},{\"@type\":\"ListItem\",\"position\":3,\"name\":\"bunny EnjoyNature m&eacute;lange de lupins sucr&eacute;s pour lapins nains et rongeurs\"}]},{\"@type\":\"WebSite\",\"@id\":\"https:\/\/shop.businesscom.ch\/fr\/#website\",\"url\":\"https:\/\/shop.businesscom.ch\/fr\/\",\"name\":\"BUSINESSCOM\",\"description\":\"H\u00e4ndler Shop Tierbedarf\",\"potentialAction\":[{\"@type\":\"SearchAction\",\"target\":{\"@type\":\"EntryPoint\",\"urlTemplate\":\"https:\/\/shop.businesscom.ch\/fr\/?s={search_term_string}\"},\"query-input\":\"required name=search_term_string\"}],\"inLanguage\":\"fr-FR\"}]}<\/script>\n<!-- \/ Yoast SEO plugin. -->","yoast_head_json":{"title":"bunny EnjoyNature m\u00e9lange de lupins sucr\u00e9s compl\u00e9ment alimentaire pour lapins nains et rongeurs - BUSINESSCOM","robots":{"index":"index","follow":"follow","max-snippet":"max-snippet:-1","max-image-preview":"max-image-preview:large","max-video-preview":"max-video-preview:-1"},"canonical":"https:\/\/shop.businesscom.ch\/fr\/produkt\/bunny-enjoynature-melange-de-lupins-sucres-complement-alimentaire-pour-lapins-nains-et-rongeurs-4000356\/","og_locale":"fr_FR","og_type":"article","og_title":"bunny EnjoyNature m\u00e9lange de lupins sucr\u00e9s compl\u00e9ment alimentaire pour lapins nains et rongeurs - BUSINESSCOM","og_url":"https:\/\/shop.businesscom.ch\/fr\/produkt\/bunny-enjoynature-melange-de-lupins-sucres-complement-alimentaire-pour-lapins-nains-et-rongeurs-4000356\/","og_site_name":"BUSINESSCOM","article_modified_time":"2026-04-01T05:39:47+00:00","og_image":[{"width":1200,"height":1200,"url":"https:\/\/shop.businesscom.ch\/content\/uploads\/imported\/fd93919dcdfa7c13177af7892a7b6ed873e444fd-4018761155378.jpg","type":"image\/jpeg"}],"twitter_card":"summary_large_image","schema":{"@context":"https:\/\/schema.org","@graph":[{"@type":"WebPage","@id":"https:\/\/shop.businesscom.ch\/fr\/produkt\/bunny-enjoynature-melange-de-lupins-sucres-complement-alimentaire-pour-lapins-nains-et-rongeurs-4000356\/","url":"https:\/\/shop.businesscom.ch\/fr\/produkt\/bunny-enjoynature-melange-de-lupins-sucres-complement-alimentaire-pour-lapins-nains-et-rongeurs-4000356\/","name":"bunny EnjoyNature m\u00e9lange de lupins sucr\u00e9s compl\u00e9ment alimentaire pour lapins nains et rongeurs - BUSINESSCOM","isPartOf":{"@id":"https:\/\/shop.businesscom.ch\/fr\/#website"},"datePublished":"2025-04-17T10:55:34+00:00","dateModified":"2026-04-01T05:39:47+00:00","breadcrumb":{"@id":"https:\/\/shop.businesscom.ch\/fr\/produkt\/bunny-enjoynature-melange-de-lupins-sucres-complement-alimentaire-pour-lapins-nains-et-rongeurs-4000356\/#breadcrumb"},"inLanguage":"fr-FR","potentialAction":[{"@type":"ReadAction","target":["https:\/\/shop.businesscom.ch\/fr\/produkt\/bunny-enjoynature-melange-de-lupins-sucres-complement-alimentaire-pour-lapins-nains-et-rongeurs-4000356\/"]}]},{"@type":"BreadcrumbList","@id":"https:\/\/shop.businesscom.ch\/fr\/produkt\/bunny-enjoynature-melange-de-lupins-sucres-complement-alimentaire-pour-lapins-nains-et-rongeurs-4000356\/#breadcrumb","itemListElement":[{"@type":"ListItem","position":1,"name":"Home","item":"https:\/\/shop.businesscom.ch\/fr\/"},{"@type":"ListItem","position":2,"name":"Assortiment complet","item":"https:\/\/shop.businesscom.ch\/fr\/assortiment-complet\/"},{"@type":"ListItem","position":3,"name":"bunny EnjoyNature m&eacute;lange de lupins sucr&eacute;s pour lapins nains et rongeurs"}]},{"@type":"WebSite","@id":"https:\/\/shop.businesscom.ch\/fr\/#website","url":"https:\/\/shop.businesscom.ch\/fr\/","name":"BUSINESSCOM","description":"H\u00e4ndler Shop Tierbedarf","potentialAction":[{"@type":"SearchAction","target":{"@type":"EntryPoint","urlTemplate":"https:\/\/shop.businesscom.ch\/fr\/?s={search_term_string}"},"query-input":"required name=search_term_string"}],"inLanguage":"fr-FR"}]}},"_links":{"self":[{"href":"https:\/\/shop.businesscom.ch\/fr\/wp-json\/wp\/v2\/product\/137164"}],"collection":[{"href":"https:\/\/shop.businesscom.ch\/fr\/wp-json\/wp\/v2\/product"}],"about":[{"href":"https:\/\/shop.businesscom.ch\/fr\/wp-json\/wp\/v2\/types\/product"}],"wp:featuredmedia":[{"embeddable":true,"href":"https:\/\/shop.businesscom.ch\/fr\/wp-json\/wp\/v2\/media\/137040"}],"wp:attachment":[{"href":"https:\/\/shop.businesscom.ch\/fr\/wp-json\/wp\/v2\/media?parent=137164"}],"wp:term":[{"taxonomy":"product_cat","embeddable":true,"href":"https:\/\/shop.businesscom.ch\/fr\/wp-json\/wp\/v2\/product_cat?post=137164"},{"taxonomy":"product_tag","embeddable":true,"href":"https:\/\/shop.businesscom.ch\/fr\/wp-json\/wp\/v2\/product_tag?post=137164"}],"curies":[{"name":"wp","href":"https:\/\/api.w.org\/{rel}","templated":true}]}}