{"id":112861,"date":"2022-10-21T13:48:27","date_gmt":"2022-10-21T11:48:27","guid":{"rendered":"http:\/\/shop.businesscom.ch\/produkt\/ferplast-chewa-boing-jouet-pour-chiens\/"},"modified":"2026-04-01T07:44:52","modified_gmt":"2026-04-01T05:44:52","slug":"ferplast-chewa-boing-jouet-pour-chiens-5180494","status":"publish","type":"product","link":"https:\/\/shop.businesscom.ch\/fr\/produkt\/ferplast-chewa-boing-jouet-pour-chiens-5180494\/","title":{"rendered":"Ferplast Chewa Boing jouet pour chiens"},"content":{"rendered":"","protected":false},"excerpt":{"rendered":"","protected":false},"featured_media":115583,"template":"","meta":[],"product_cat":[18454],"product_tag":[],"acf":[],"yoast_head":"<!-- This site is optimized with the Yoast SEO plugin v21.9.1 - https:\/\/yoast.com\/wordpress\/plugins\/seo\/ -->\n<title>Ferplast Chewa Boing jouet pour chiens - BUSINESSCOM<\/title>\n<meta name=\"description\" content=\"Le jouet dentaire Chewa Boing de Ferplast pour chiens est utile pour stimuler et satisfaire les besoins naturels de mastication et de jeu du chien. Il est fabriqu\u00e9 dans un mat\u00e9riau non toxique, extr\u00eamement durable et r\u00e9sistant, et r\u00e9siste aux morsures et aux dents ac\u00e9r\u00e9es de l&#039;animal. La Chewa Boing Ball est id\u00e9ale pour lancer et rapporter et, en flottant, elle peut \u00e9galement \u00eatre utilis\u00e9e \u00e0 la mer, dans la piscine ou dans les ruisseaux. Extr\u00eamement l\u00e9g\u00e8re, elle \u00e9vite d&#039;endommager ou de blesser l&#039;animal apr\u00e8s l&#039;avoir lanc\u00e9e. Choisis la taille en fonction de la taille du chien. Surveille le chien pendant qu&#039;il joue avec.\" \/>\n<meta name=\"robots\" content=\"index, follow, max-snippet:-1, max-image-preview:large, max-video-preview:-1\" \/>\n<link rel=\"canonical\" href=\"https:\/\/shop.businesscom.ch\/fr\/produkt\/ferplast-chewa-boing-jouet-pour-chiens-5180494\/\" \/>\n<meta property=\"og:locale\" content=\"fr_FR\" \/>\n<meta property=\"og:type\" content=\"article\" \/>\n<meta property=\"og:title\" content=\"Ferplast Chewa Boing jouet pour chiens - BUSINESSCOM\" \/>\n<meta property=\"og:description\" content=\"Le jouet dentaire Chewa Boing de Ferplast pour chiens est utile pour stimuler et satisfaire les besoins naturels de mastication et de jeu du chien. Il est fabriqu\u00e9 dans un mat\u00e9riau non toxique, extr\u00eamement durable et r\u00e9sistant, et r\u00e9siste aux morsures et aux dents ac\u00e9r\u00e9es de l&#039;animal. La Chewa Boing Ball est id\u00e9ale pour lancer et rapporter et, en flottant, elle peut \u00e9galement \u00eatre utilis\u00e9e \u00e0 la mer, dans la piscine ou dans les ruisseaux. Extr\u00eamement l\u00e9g\u00e8re, elle \u00e9vite d&#039;endommager ou de blesser l&#039;animal apr\u00e8s l&#039;avoir lanc\u00e9e. Choisis la taille en fonction de la taille du chien. Surveille le chien pendant qu&#039;il joue avec.\" \/>\n<meta property=\"og:url\" content=\"https:\/\/shop.businesscom.ch\/fr\/produkt\/ferplast-chewa-boing-jouet-pour-chiens-5180494\/\" \/>\n<meta property=\"og:site_name\" content=\"BUSINESSCOM\" \/>\n<meta property=\"article:modified_time\" content=\"2026-04-01T05:44:52+00:00\" \/>\n<meta property=\"og:image\" content=\"https:\/\/shop.businesscom.ch\/content\/uploads\/imported\/2d47dcb5f4fc6eff5982fe041b6305089a49ff7f-1b2578c1b44ec1fc6226e4dea6bf69c2.jpg\" \/>\n\t<meta property=\"og:image:width\" content=\"1000\" \/>\n\t<meta property=\"og:image:height\" content=\"1000\" \/>\n\t<meta property=\"og:image:type\" content=\"image\/jpeg\" \/>\n<meta name=\"twitter:card\" content=\"summary_large_image\" \/>\n<script type=\"application\/ld+json\" class=\"yoast-schema-graph\">{\"@context\":\"https:\/\/schema.org\",\"@graph\":[{\"@type\":\"WebPage\",\"@id\":\"https:\/\/shop.businesscom.ch\/fr\/produkt\/ferplast-chewa-boing-jouet-pour-chiens-5180494\/\",\"url\":\"https:\/\/shop.businesscom.ch\/fr\/produkt\/ferplast-chewa-boing-jouet-pour-chiens-5180494\/\",\"name\":\"Ferplast Chewa Boing jouet pour chiens - BUSINESSCOM\",\"isPartOf\":{\"@id\":\"https:\/\/shop.businesscom.ch\/fr\/#website\"},\"datePublished\":\"2022-10-21T11:48:27+00:00\",\"dateModified\":\"2026-04-01T05:44:52+00:00\",\"description\":\"Le jouet dentaire Chewa Boing de Ferplast pour chiens est utile pour stimuler et satisfaire les besoins naturels de mastication et de jeu du chien. Il est fabriqu\u00e9 dans un mat\u00e9riau non toxique, extr\u00eamement durable et r\u00e9sistant, et r\u00e9siste aux morsures et aux dents ac\u00e9r\u00e9es de l'animal. La Chewa Boing Ball est id\u00e9ale pour lancer et rapporter et, en flottant, elle peut \u00e9galement \u00eatre utilis\u00e9e \u00e0 la mer, dans la piscine ou dans les ruisseaux. Extr\u00eamement l\u00e9g\u00e8re, elle \u00e9vite d'endommager ou de blesser l'animal apr\u00e8s l'avoir lanc\u00e9e. Choisis la taille en fonction de la taille du chien. Surveille le chien pendant qu'il joue avec.\",\"breadcrumb\":{\"@id\":\"https:\/\/shop.businesscom.ch\/fr\/produkt\/ferplast-chewa-boing-jouet-pour-chiens-5180494\/#breadcrumb\"},\"inLanguage\":\"fr-FR\",\"potentialAction\":[{\"@type\":\"ReadAction\",\"target\":[\"https:\/\/shop.businesscom.ch\/fr\/produkt\/ferplast-chewa-boing-jouet-pour-chiens-5180494\/\"]}]},{\"@type\":\"BreadcrumbList\",\"@id\":\"https:\/\/shop.businesscom.ch\/fr\/produkt\/ferplast-chewa-boing-jouet-pour-chiens-5180494\/#breadcrumb\",\"itemListElement\":[{\"@type\":\"ListItem\",\"position\":1,\"name\":\"Home\",\"item\":\"https:\/\/shop.businesscom.ch\/fr\/\"},{\"@type\":\"ListItem\",\"position\":2,\"name\":\"Assortiment complet\",\"item\":\"https:\/\/shop.businesscom.ch\/fr\/assortiment-complet\/\"},{\"@type\":\"ListItem\",\"position\":3,\"name\":\"Ferplast Chewa Boing Jouet pour chiens Display\"}]},{\"@type\":\"WebSite\",\"@id\":\"https:\/\/shop.businesscom.ch\/fr\/#website\",\"url\":\"https:\/\/shop.businesscom.ch\/fr\/\",\"name\":\"BUSINESSCOM\",\"description\":\"H\u00e4ndler Shop Tierbedarf\",\"potentialAction\":[{\"@type\":\"SearchAction\",\"target\":{\"@type\":\"EntryPoint\",\"urlTemplate\":\"https:\/\/shop.businesscom.ch\/fr\/?s={search_term_string}\"},\"query-input\":\"required name=search_term_string\"}],\"inLanguage\":\"fr-FR\"}]}<\/script>\n<!-- \/ Yoast SEO plugin. -->","yoast_head_json":{"title":"Ferplast Chewa Boing jouet pour chiens - BUSINESSCOM","description":"Le jouet dentaire Chewa Boing de Ferplast pour chiens est utile pour stimuler et satisfaire les besoins naturels de mastication et de jeu du chien. Il est fabriqu\u00e9 dans un mat\u00e9riau non toxique, extr\u00eamement durable et r\u00e9sistant, et r\u00e9siste aux morsures et aux dents ac\u00e9r\u00e9es de l'animal. La Chewa Boing Ball est id\u00e9ale pour lancer et rapporter et, en flottant, elle peut \u00e9galement \u00eatre utilis\u00e9e \u00e0 la mer, dans la piscine ou dans les ruisseaux. Extr\u00eamement l\u00e9g\u00e8re, elle \u00e9vite d'endommager ou de blesser l'animal apr\u00e8s l'avoir lanc\u00e9e. Choisis la taille en fonction de la taille du chien. Surveille le chien pendant qu'il joue avec.","robots":{"index":"index","follow":"follow","max-snippet":"max-snippet:-1","max-image-preview":"max-image-preview:large","max-video-preview":"max-video-preview:-1"},"canonical":"https:\/\/shop.businesscom.ch\/fr\/produkt\/ferplast-chewa-boing-jouet-pour-chiens-5180494\/","og_locale":"fr_FR","og_type":"article","og_title":"Ferplast Chewa Boing jouet pour chiens - BUSINESSCOM","og_description":"Le jouet dentaire Chewa Boing de Ferplast pour chiens est utile pour stimuler et satisfaire les besoins naturels de mastication et de jeu du chien. Il est fabriqu\u00e9 dans un mat\u00e9riau non toxique, extr\u00eamement durable et r\u00e9sistant, et r\u00e9siste aux morsures et aux dents ac\u00e9r\u00e9es de l'animal. La Chewa Boing Ball est id\u00e9ale pour lancer et rapporter et, en flottant, elle peut \u00e9galement \u00eatre utilis\u00e9e \u00e0 la mer, dans la piscine ou dans les ruisseaux. Extr\u00eamement l\u00e9g\u00e8re, elle \u00e9vite d'endommager ou de blesser l'animal apr\u00e8s l'avoir lanc\u00e9e. Choisis la taille en fonction de la taille du chien. Surveille le chien pendant qu'il joue avec.","og_url":"https:\/\/shop.businesscom.ch\/fr\/produkt\/ferplast-chewa-boing-jouet-pour-chiens-5180494\/","og_site_name":"BUSINESSCOM","article_modified_time":"2026-04-01T05:44:52+00:00","og_image":[{"width":1000,"height":1000,"url":"https:\/\/shop.businesscom.ch\/content\/uploads\/imported\/2d47dcb5f4fc6eff5982fe041b6305089a49ff7f-1b2578c1b44ec1fc6226e4dea6bf69c2.jpg","type":"image\/jpeg"}],"twitter_card":"summary_large_image","schema":{"@context":"https:\/\/schema.org","@graph":[{"@type":"WebPage","@id":"https:\/\/shop.businesscom.ch\/fr\/produkt\/ferplast-chewa-boing-jouet-pour-chiens-5180494\/","url":"https:\/\/shop.businesscom.ch\/fr\/produkt\/ferplast-chewa-boing-jouet-pour-chiens-5180494\/","name":"Ferplast Chewa Boing jouet pour chiens - BUSINESSCOM","isPartOf":{"@id":"https:\/\/shop.businesscom.ch\/fr\/#website"},"datePublished":"2022-10-21T11:48:27+00:00","dateModified":"2026-04-01T05:44:52+00:00","description":"Le jouet dentaire Chewa Boing de Ferplast pour chiens est utile pour stimuler et satisfaire les besoins naturels de mastication et de jeu du chien. Il est fabriqu\u00e9 dans un mat\u00e9riau non toxique, extr\u00eamement durable et r\u00e9sistant, et r\u00e9siste aux morsures et aux dents ac\u00e9r\u00e9es de l'animal. La Chewa Boing Ball est id\u00e9ale pour lancer et rapporter et, en flottant, elle peut \u00e9galement \u00eatre utilis\u00e9e \u00e0 la mer, dans la piscine ou dans les ruisseaux. Extr\u00eamement l\u00e9g\u00e8re, elle \u00e9vite d'endommager ou de blesser l'animal apr\u00e8s l'avoir lanc\u00e9e. Choisis la taille en fonction de la taille du chien. Surveille le chien pendant qu'il joue avec.","breadcrumb":{"@id":"https:\/\/shop.businesscom.ch\/fr\/produkt\/ferplast-chewa-boing-jouet-pour-chiens-5180494\/#breadcrumb"},"inLanguage":"fr-FR","potentialAction":[{"@type":"ReadAction","target":["https:\/\/shop.businesscom.ch\/fr\/produkt\/ferplast-chewa-boing-jouet-pour-chiens-5180494\/"]}]},{"@type":"BreadcrumbList","@id":"https:\/\/shop.businesscom.ch\/fr\/produkt\/ferplast-chewa-boing-jouet-pour-chiens-5180494\/#breadcrumb","itemListElement":[{"@type":"ListItem","position":1,"name":"Home","item":"https:\/\/shop.businesscom.ch\/fr\/"},{"@type":"ListItem","position":2,"name":"Assortiment complet","item":"https:\/\/shop.businesscom.ch\/fr\/assortiment-complet\/"},{"@type":"ListItem","position":3,"name":"Ferplast Chewa Boing Jouet pour chiens Display"}]},{"@type":"WebSite","@id":"https:\/\/shop.businesscom.ch\/fr\/#website","url":"https:\/\/shop.businesscom.ch\/fr\/","name":"BUSINESSCOM","description":"H\u00e4ndler Shop Tierbedarf","potentialAction":[{"@type":"SearchAction","target":{"@type":"EntryPoint","urlTemplate":"https:\/\/shop.businesscom.ch\/fr\/?s={search_term_string}"},"query-input":"required name=search_term_string"}],"inLanguage":"fr-FR"}]}},"_links":{"self":[{"href":"https:\/\/shop.businesscom.ch\/fr\/wp-json\/wp\/v2\/product\/112861"}],"collection":[{"href":"https:\/\/shop.businesscom.ch\/fr\/wp-json\/wp\/v2\/product"}],"about":[{"href":"https:\/\/shop.businesscom.ch\/fr\/wp-json\/wp\/v2\/types\/product"}],"wp:featuredmedia":[{"embeddable":true,"href":"https:\/\/shop.businesscom.ch\/fr\/wp-json\/wp\/v2\/media\/115583"}],"wp:attachment":[{"href":"https:\/\/shop.businesscom.ch\/fr\/wp-json\/wp\/v2\/media?parent=112861"}],"wp:term":[{"taxonomy":"product_cat","embeddable":true,"href":"https:\/\/shop.businesscom.ch\/fr\/wp-json\/wp\/v2\/product_cat?post=112861"},{"taxonomy":"product_tag","embeddable":true,"href":"https:\/\/shop.businesscom.ch\/fr\/wp-json\/wp\/v2\/product_tag?post=112861"}],"curies":[{"name":"wp","href":"https:\/\/api.w.org\/{rel}","templated":true}]}}