{"id":130745,"date":"2024-11-28T13:13:43","date_gmt":"2024-11-28T12:13:43","guid":{"rendered":"https:\/\/shop.businesscom.ch\/?page_id=130745"},"modified":"2025-07-11T10:36:21","modified_gmt":"2025-07-11T08:36:21","slug":"tendances-de-l-ete-2025","status":"publish","type":"page","link":"https:\/\/shop.businesscom.ch\/fr\/tendances-de-l-ete-2025\/","title":{"rendered":"Tendances de l&rsquo;&eacute;t&eacute; 2025"},"content":{"rendered":"","protected":false},"excerpt":{"rendered":"","protected":false},"author":2432,"featured_media":0,"parent":0,"menu_order":0,"comment_status":"closed","ping_status":"closed","template":"","meta":{"footnotes":""},"acf":[],"yoast_head":"<!-- This site is optimized with the Yoast SEO plugin v21.9.1 - https:\/\/yoast.com\/wordpress\/plugins\/seo\/ -->\n<title>Tendances de l&#039;\u00e9t\u00e9 2025 - BUSINESSCOM<\/title>\n<meta name=\"description\" content=\"Animaux de compagnie Tendances de l&#039;\u00e9t\u00e9 2025. Id\u00e9al pour les achats impulsifs et pour combler le creux de l&#039;\u00e9t\u00e9. Petshops et grossistes.\" \/>\n<meta name=\"robots\" content=\"index, follow, max-snippet:-1, max-image-preview:large, max-video-preview:-1\" \/>\n<link rel=\"canonical\" href=\"https:\/\/shop.businesscom.ch\/fr\/tendances-de-l-ete-2025\/\" \/>\n<meta property=\"og:locale\" content=\"fr_FR\" \/>\n<meta property=\"og:type\" content=\"article\" \/>\n<meta property=\"og:title\" content=\"Tendances de l&#039;\u00e9t\u00e9 2025 - BUSINESSCOM\" \/>\n<meta property=\"og:description\" content=\"Animaux de compagnie Tendances de l&#039;\u00e9t\u00e9 2025. Id\u00e9al pour les achats impulsifs et pour combler le creux de l&#039;\u00e9t\u00e9. Petshops et grossistes.\" \/>\n<meta property=\"og:url\" content=\"https:\/\/shop.businesscom.ch\/fr\/tendances-de-l-ete-2025\/\" \/>\n<meta property=\"og:site_name\" content=\"BUSINESSCOM\" \/>\n<meta property=\"article:modified_time\" content=\"2025-07-11T08:36:21+00:00\" \/>\n<meta name=\"twitter:card\" content=\"summary_large_image\" \/>\n<script type=\"application\/ld+json\" class=\"yoast-schema-graph\">{\"@context\":\"https:\/\/schema.org\",\"@graph\":[{\"@type\":\"WebPage\",\"@id\":\"https:\/\/shop.businesscom.ch\/fr\/tendances-de-l-ete-2025\/\",\"url\":\"https:\/\/shop.businesscom.ch\/fr\/tendances-de-l-ete-2025\/\",\"name\":\"Tendances de l'\u00e9t\u00e9 2025 - BUSINESSCOM\",\"isPartOf\":{\"@id\":\"https:\/\/shop.businesscom.ch\/fr\/#website\"},\"datePublished\":\"2024-11-28T12:13:43+00:00\",\"dateModified\":\"2025-07-11T08:36:21+00:00\",\"description\":\"Animaux de compagnie Tendances de l'\u00e9t\u00e9 2025. Id\u00e9al pour les achats impulsifs et pour combler le creux de l'\u00e9t\u00e9. Petshops et grossistes.\",\"breadcrumb\":{\"@id\":\"https:\/\/shop.businesscom.ch\/fr\/tendances-de-l-ete-2025\/#breadcrumb\"},\"inLanguage\":\"fr-FR\",\"potentialAction\":[{\"@type\":\"ReadAction\",\"target\":[\"https:\/\/shop.businesscom.ch\/fr\/tendances-de-l-ete-2025\/\"]}]},{\"@type\":\"BreadcrumbList\",\"@id\":\"https:\/\/shop.businesscom.ch\/fr\/tendances-de-l-ete-2025\/#breadcrumb\",\"itemListElement\":[{\"@type\":\"ListItem\",\"position\":1,\"name\":\"Home\",\"item\":\"https:\/\/shop.businesscom.ch\/fr\/\"},{\"@type\":\"ListItem\",\"position\":2,\"name\":\"Tendances de l&rsquo;&eacute;t&eacute; 2025\"}]},{\"@type\":\"WebSite\",\"@id\":\"https:\/\/shop.businesscom.ch\/fr\/#website\",\"url\":\"https:\/\/shop.businesscom.ch\/fr\/\",\"name\":\"BUSINESSCOM\",\"description\":\"H\u00e4ndler Shop Tierbedarf\",\"potentialAction\":[{\"@type\":\"SearchAction\",\"target\":{\"@type\":\"EntryPoint\",\"urlTemplate\":\"https:\/\/shop.businesscom.ch\/fr\/?s={search_term_string}\"},\"query-input\":\"required name=search_term_string\"}],\"inLanguage\":\"fr-FR\"}]}<\/script>\n<!-- \/ Yoast SEO plugin. -->","yoast_head_json":{"title":"Tendances de l'\u00e9t\u00e9 2025 - BUSINESSCOM","description":"Animaux de compagnie Tendances de l'\u00e9t\u00e9 2025. Id\u00e9al pour les achats impulsifs et pour combler le creux de l'\u00e9t\u00e9. Petshops et grossistes.","robots":{"index":"index","follow":"follow","max-snippet":"max-snippet:-1","max-image-preview":"max-image-preview:large","max-video-preview":"max-video-preview:-1"},"canonical":"https:\/\/shop.businesscom.ch\/fr\/tendances-de-l-ete-2025\/","og_locale":"fr_FR","og_type":"article","og_title":"Tendances de l'\u00e9t\u00e9 2025 - BUSINESSCOM","og_description":"Animaux de compagnie Tendances de l'\u00e9t\u00e9 2025. Id\u00e9al pour les achats impulsifs et pour combler le creux de l'\u00e9t\u00e9. Petshops et grossistes.","og_url":"https:\/\/shop.businesscom.ch\/fr\/tendances-de-l-ete-2025\/","og_site_name":"BUSINESSCOM","article_modified_time":"2025-07-11T08:36:21+00:00","twitter_card":"summary_large_image","schema":{"@context":"https:\/\/schema.org","@graph":[{"@type":"WebPage","@id":"https:\/\/shop.businesscom.ch\/fr\/tendances-de-l-ete-2025\/","url":"https:\/\/shop.businesscom.ch\/fr\/tendances-de-l-ete-2025\/","name":"Tendances de l'\u00e9t\u00e9 2025 - BUSINESSCOM","isPartOf":{"@id":"https:\/\/shop.businesscom.ch\/fr\/#website"},"datePublished":"2024-11-28T12:13:43+00:00","dateModified":"2025-07-11T08:36:21+00:00","description":"Animaux de compagnie Tendances de l'\u00e9t\u00e9 2025. Id\u00e9al pour les achats impulsifs et pour combler le creux de l'\u00e9t\u00e9. Petshops et grossistes.","breadcrumb":{"@id":"https:\/\/shop.businesscom.ch\/fr\/tendances-de-l-ete-2025\/#breadcrumb"},"inLanguage":"fr-FR","potentialAction":[{"@type":"ReadAction","target":["https:\/\/shop.businesscom.ch\/fr\/tendances-de-l-ete-2025\/"]}]},{"@type":"BreadcrumbList","@id":"https:\/\/shop.businesscom.ch\/fr\/tendances-de-l-ete-2025\/#breadcrumb","itemListElement":[{"@type":"ListItem","position":1,"name":"Home","item":"https:\/\/shop.businesscom.ch\/fr\/"},{"@type":"ListItem","position":2,"name":"Tendances de l&rsquo;&eacute;t&eacute; 2025"}]},{"@type":"WebSite","@id":"https:\/\/shop.businesscom.ch\/fr\/#website","url":"https:\/\/shop.businesscom.ch\/fr\/","name":"BUSINESSCOM","description":"H\u00e4ndler Shop Tierbedarf","potentialAction":[{"@type":"SearchAction","target":{"@type":"EntryPoint","urlTemplate":"https:\/\/shop.businesscom.ch\/fr\/?s={search_term_string}"},"query-input":"required name=search_term_string"}],"inLanguage":"fr-FR"}]}},"_links":{"self":[{"href":"https:\/\/shop.businesscom.ch\/fr\/wp-json\/wp\/v2\/pages\/130745"}],"collection":[{"href":"https:\/\/shop.businesscom.ch\/fr\/wp-json\/wp\/v2\/pages"}],"about":[{"href":"https:\/\/shop.businesscom.ch\/fr\/wp-json\/wp\/v2\/types\/page"}],"author":[{"embeddable":true,"href":"https:\/\/shop.businesscom.ch\/fr\/wp-json\/wp\/v2\/users\/2432"}],"replies":[{"embeddable":true,"href":"https:\/\/shop.businesscom.ch\/fr\/wp-json\/wp\/v2\/comments?post=130745"}],"version-history":[{"count":0,"href":"https:\/\/shop.businesscom.ch\/fr\/wp-json\/wp\/v2\/pages\/130745\/revisions"}],"wp:attachment":[{"href":"https:\/\/shop.businesscom.ch\/fr\/wp-json\/wp\/v2\/media?parent=130745"}],"curies":[{"name":"wp","href":"https:\/\/api.w.org\/{rel}","templated":true}]}}